{"id":13,"date":"2024-09-18T08:06:01","date_gmt":"2024-09-18T08:06:01","guid":{"rendered":"https:\/\/svk.ukazsvojuchemiu.sk\/?page_id=13"},"modified":"2026-01-14T10:03:07","modified_gmt":"2026-01-14T10:03:07","slug":"home","status":"publish","type":"page","link":"https:\/\/ukazsvojuchemiu.sk\/en\/","title":{"rendered":"Home"},"content":{"rendered":"<div data-elementor-type=\"wp-page\" data-elementor-id=\"13\" class=\"elementor elementor-13\">\n\t\t\t\t<div class=\"elementor-element elementor-element-95a5410 e-flex e-con-boxed e-con e-parent\" data-id=\"95a5410\" data-element_type=\"container\" data-e-type=\"container\" data-settings=\"{&quot;background_background&quot;:&quot;classic&quot;}\">\n\t\t\t\t\t<div class=\"e-con-inner\">\n\t\t<div class=\"elementor-element elementor-element-c2d842d e-grid e-con-full e-con e-child\" data-id=\"c2d842d\" data-element_type=\"container\" data-e-type=\"container\">\n\t\t\t\t<div class=\"elementor-element elementor-element-acc2b76 elementor-widget elementor-widget-text-editor\" data-id=\"acc2b76\" data-element_type=\"widget\" data-e-type=\"widget\" data-widget_type=\"text-editor.default\">\n\t\t\t\t<div class=\"elementor-widget-container\">\n\t\t\t\t\t\t\t\t\t<p><strong>Registration opening<\/strong><\/p><p><span>September 15, 2025<\/span><\/p>\t\t\t\t\t\t\t\t<\/div>\n\t\t\t\t<\/div>\n\t\t\t\t<div class=\"elementor-element elementor-element-4e6c7b5 elementor-widget elementor-widget-text-editor\" data-id=\"4e6c7b5\" data-element_type=\"widget\" data-e-type=\"widget\" data-widget_type=\"text-editor.default\">\n\t\t\t\t<div class=\"elementor-widget-container\">\n\t\t\t\t\t\t\t\t\t<p><strong>Registration deadline<\/strong><\/p><p><span>October 31, 2025<\/span><\/p>\t\t\t\t\t\t\t\t<\/div>\n\t\t\t\t<\/div>\n\t\t\t\t<div class=\"elementor-element elementor-element-bca0ed5 elementor-widget elementor-widget-text-editor\" data-id=\"bca0ed5\" data-element_type=\"widget\" data-e-type=\"widget\" data-widget_type=\"text-editor.default\">\n\t\t\t\t<div class=\"elementor-widget-container\">\n\t\t\t\t\t\t\t\t\t<p><strong>Conference date<\/strong><\/p><p><span>November 26, 2025<\/span><\/p>\t\t\t\t\t\t\t\t<\/div>\n\t\t\t\t<\/div>\n\t\t\t\t<\/div>\n\t\t\t\t<div class=\"elementor-element elementor-element-3e7ad7a elementor-widget elementor-widget-video\" data-id=\"3e7ad7a\" data-element_type=\"widget\" data-e-type=\"widget\" data-settings=\"{&quot;youtube_url&quot;:&quot;https:\\\/\\\/youtu.be\\\/BTdFbpvuFOs&quot;,&quot;yt_privacy&quot;:&quot;yes&quot;,&quot;lazy_load&quot;:&quot;yes&quot;,&quot;video_type&quot;:&quot;youtube&quot;,&quot;controls&quot;:&quot;yes&quot;}\" data-widget_type=\"video.default\">\n\t\t\t\t<div class=\"elementor-widget-container\">\n\t\t\t\t\t\t\t<div class=\"elementor-wrapper elementor-open-inline\">\n\t\t\t<div class=\"elementor-video\"><\/div>\t\t<\/div>\n\t\t\t\t\t\t<\/div>\n\t\t\t\t<\/div>\n\t\t\t\t<div class=\"elementor-element elementor-element-f24eedd elementor-widget elementor-widget-text-editor\" data-id=\"f24eedd\" data-element_type=\"widget\" data-e-type=\"widget\" data-widget_type=\"text-editor.default\">\n\t\t\t\t<div class=\"elementor-widget-container\">\n\t\t\t\t\t\t\t\t\t<p>V stredu 26. novembra 2025 sa na Fakulte chemickej a potravin\u00e1rskej technol\u00f3gie STU v Bratislave uskuto\u010dnila 27. celoslovensk\u00e1 \u0161tudentsk\u00e1 vedeck\u00e1 konferencia s medzin\u00e1rodnou \u00fa\u010das\u0165ou pod n\u00e1zvom &#8222;Ch\u00e9mia a technol\u00f3gie pre \u017eivot&#8220;.<\/p><p>The Student Scientific Conference \"Chemistry and Technology for Life\" has long been profiled as a platform for promoting scientific work and sharing creative ideas of talented students. We encourage scientific research that brings innovative solutions that take into account sustainable industrial production, environmental and social responsibility.<\/p><p>The Student Scientific Conference is an opportunity for students of 1st degree (Bachelor) and 2nd degree (Engineering\/Master) university studies to competitively present scientific and professional work. <strong>The best entries in each section will be rewarded <\/strong>(<a href=\"https:\/\/ukazsvojuchemiu.sk\/wp-content\/uploads\/2025\/02\/svk_statut_2025.pdf\">Statute<\/a>).<\/p><p>At the Student Scientific Conference, there is also a non-competitive showcase of works by students of the 3rd stage (doctoral) of university studies and a non-competitive poster section for high school students.<\/p><div class=\"buttons\"><a href=\"https:\/\/ukazsvojuchemiu.sk\/wp-content\/uploads\/2025\/10\/svk_2025_letak.pdf\" title=\"Information material\" class=\"btn btn-primary\" target=\"_blank\" rel=\"noopener\">Information material<\/a><\/div><div><\/div>\t\t\t\t\t\t\t\t<\/div>\n\t\t\t\t<\/div>\n\t\t\t\t\t<\/div>\n\t\t\t\t<\/div>\n\t\t<div class=\"elementor-element elementor-element-43a89c1 e-flex e-con-boxed e-con e-parent\" data-id=\"43a89c1\" data-element_type=\"container\" data-e-type=\"container\">\n\t\t\t\t\t<div class=\"e-con-inner\">\n\t\t\t\t<div class=\"elementor-element elementor-element-0c2b500 elementor-widget elementor-widget-heading\" data-id=\"0c2b500\" data-element_type=\"widget\" data-e-type=\"widget\" data-widget_type=\"heading.default\">\n\t\t\t\t<div class=\"elementor-widget-container\">\n\t\t\t\t\t<h2 class=\"elementor-heading-title elementor-size-default\">Honorary Chair<\/h2>\t\t\t\t<\/div>\n\t\t\t\t<\/div>\n\t\t\t\t<div class=\"elementor-element elementor-element-39ac705 elementor-widget elementor-widget-text-editor\" data-id=\"39ac705\" data-element_type=\"widget\" data-e-type=\"widget\" data-widget_type=\"text-editor.default\">\n\t\t\t\t<div class=\"elementor-widget-container\">\n\t\t\t\t\t\t\t\t\t<strong><a href=\"https:\/\/is.stuba.sk\/lide\/clovek.pl?id=10260\">prof. Ing. Lucia B\u00edro\u0161ov\u00e1, PhD.<\/a><\/strong>\t\t\t\t\t\t\t\t<\/div>\n\t\t\t\t<\/div>\n\t\t\t\t<div class=\"elementor-element elementor-element-3b4fa45 elementor-widget elementor-widget-heading\" data-id=\"3b4fa45\" data-element_type=\"widget\" data-e-type=\"widget\" data-widget_type=\"heading.default\">\n\t\t\t\t<div class=\"elementor-widget-container\">\n\t\t\t\t\t<h2 class=\"elementor-heading-title elementor-size-default\">Programme Committee<\/h2>\t\t\t\t<\/div>\n\t\t\t\t<\/div>\n\t\t\t\t<div class=\"elementor-element elementor-element-e551d62 elementor-widget elementor-widget-text-editor\" data-id=\"e551d62\" data-element_type=\"widget\" data-e-type=\"widget\" data-widget_type=\"text-editor.default\">\n\t\t\t\t<div class=\"elementor-widget-container\">\n\t\t\t\t\t\t\t\t\t<p><a href=\"http:\/\/is.stuba.sk\/lide\/clovek.pl?id=3308\">prof. Ing. Anton Gatial, DrSc.<\/a><br>chair<\/p>\n<p><a href=\"http:\/\/is.stuba.sk\/lide\/clovek.pl?id=46841\">prof. Ing. Albert Breier, DrSc. <\/a><\/p>\n<p><a href=\"http:\/\/is.stuba.sk\/lide\/clovek.pl?id=3374\">prof. Ing. Miroslav Fikar, DrSc. <\/a><\/p>\n<p><a href=\"http:\/\/is.stuba.sk\/lide\/clovek.pl?id=3380\">prof. Ing. J\u00e1n H\u00edve\u0161, PhD. <\/a><\/p>\n<p><a href=\"http:\/\/is.stuba.sk\/lide\/clovek.pl?id=3893\">prof. Ing. \u013dudov\u00edt Jelemensk\u00fd, DrSc. <\/a><\/p>\n<p><a href=\"https:\/\/is.stuba.sk\/lide\/clovek.pl?id=3353\">prof. Ing. Viktor Milata, DrSc. <\/a><\/p>\n<p><a href=\"http:\/\/is.stuba.sk\/lide\/clovek.pl?id=3878\">prof. Ing. Peter Rapta, DrSc. <\/a><\/p>\n<p><a href=\"http:\/\/is.stuba.sk\/lide\/clovek.pl?id=3358\">prof. Ing. Michal Rosenberg, PhD. <\/a><\/p>\n<p><a href=\"http:\/\/is.stuba.sk\/lide\/clovek.pl?id=3910\">prof. Ing. Ivan \u0160p\u00e1nik, DrSc. <\/a><\/p>\n<p><a href=\"http:\/\/is.stuba.sk\/lide\/clovek.pl?id=3954\">doc. Ing. Radko Ti\u0148o, PhD. <\/a><\/p>\n<p><a href=\"http:\/\/is.stuba.sk\/lide\/clovek.pl?id=3382\">prof. Ing. \u013dubom\u00edr Val\u00edk, PhD. <\/a><\/p>\n<p><a href=\"http:\/\/is.stuba.sk\/lide\/clovek.pl?id=1700\">doc. Ing. Monika Zatrochov\u00e1, PhD. <\/a><\/p>\t\t\t\t\t\t\t\t<\/div>\n\t\t\t\t<\/div>\n\t\t\t\t<div class=\"elementor-element elementor-element-a5bb852 elementor-widget elementor-widget-heading\" data-id=\"a5bb852\" data-element_type=\"widget\" data-e-type=\"widget\" data-widget_type=\"heading.default\">\n\t\t\t\t<div class=\"elementor-widget-container\">\n\t\t\t\t\t<h2 class=\"elementor-heading-title elementor-size-default\">Organizing Committee<\/h2>\t\t\t\t<\/div>\n\t\t\t\t<\/div>\n\t\t\t\t<div class=\"elementor-element elementor-element-64674d1 elementor-widget elementor-widget-text-editor\" data-id=\"64674d1\" data-element_type=\"widget\" data-e-type=\"widget\" data-widget_type=\"text-editor.default\">\n\t\t\t\t<div class=\"elementor-widget-container\">\n\t\t\t\t\t\t\t\t\t<p><a href=\"http:\/\/is.stuba.sk\/lide\/clovek.pl?id=26399\">doc. Ing. Juraj Oravec, PhD.<\/a><br \/>chair of the organising committee<\/p><p><a href=\"http:\/\/is.stuba.sk\/lide\/clovek.pl?id=101\">doc. Ing. \u013dubo\u0161 \u010cirka, PhD.<\/a><br \/>Vice-Chair for Conference System Administration<\/p><p><a href=\"http:\/\/is.stuba.sk\/lide\/clovek.pl?id=76937\">Ing. Michaela Horv\u00e1thov\u00e1, PhD.<\/a><br \/>Vice-Chair for the accompanying program; process management<\/p><p><a href=\"https:\/\/is.stuba.sk\/lide\/clovek.pl?id=82049\">Ing. Lenka Gal\u010d\u00edkov\u00e1, PhD.<\/a><br \/>Vice-Chair for the Poster Section<\/p><p><a href=\"https:\/\/is.stuba.sk\/lide\/clovek.pl?id=87000\">Ing. Tatiana Holkovi\u010dov\u00e1<\/a><br \/>Vice-Chair for Cooperation with Partners; Food and Cosmetic Chemistry and Technology<\/p><p><a href=\"http:\/\/is.stuba.sk\/lide\/clovek.pl?id=91950\">Ing. Erika Pl\u0161i\u010d\u00edk Pavlovi\u010dov\u00e1<\/a><br \/>Vice President for Internal Process Management<\/p><p><a href=\"http:\/\/is.stuba.sk\/lide\/clovek.pl?id=82079\">Ing. Barbora Jankovi\u010dov\u00e1, PhD.<\/a><br \/>Vice-Chair for PR; Environmental Engineering<\/p><p><a href=\"https:\/\/is.stuba.sk\/lide\/clovek.pl?id=91815\">Ing. Marek Wadinger<\/a><br \/>Vice President for Process Management<\/p><p><a href=\"http:\/\/is.stuba.sk\/lide\/clovek.pl?id=127049\">Vikt\u00f3ria Veli\u010dov\u00e1<\/a><br \/>Vice-Chair for Student Cooperation<\/p><p><a href=\"http:\/\/is.stuba.sk\/lide\/clovek.pl?id=76414\">Ing. Michaela Benk\u00f6ov\u00e1, PhD.<\/a><br \/>inorganic materials<\/p><p><a href=\"http:\/\/is.stuba.sk\/lide\/clovek.pl?id=50634\">Ing. Kamila \u010euri\u0161ov\u00e1, PhD.<\/a><br \/>biochemistry and microbiology<\/p><p><a href=\"http:\/\/is.stuba.sk\/lide\/clovek.pl?id=3963\">Ing. Marek Fronc, PhD.<\/a><br \/>physical chemistry and chemical physics<\/p><p><a href=\"http:\/\/is.stuba.sk\/lide\/clovek.pl?id=60969\">Ing. Du\u0161ana Gre\u0161ov\u00e1<\/a><br \/>technologies for processing and protecting natural and synthetic materials<\/p><p><a href=\"http:\/\/is.stuba.sk\/lide\/clovek.pl?id=3931\">doc. Ing. Katar\u00edna Hrobo\u0148ov\u00e1, PhD.<\/a><br \/>analytical chemistry<\/p><p><a href=\"http:\/\/is.stuba.sk\/lide\/clovek.pl?id=81943\">Ing. Veronika Jan\u010d\u00edkov\u00e1<\/a><br \/>technologies for processing and protecting natural and synthetic materials<\/p><p><a href=\"https:\/\/is.stuba.sk\/lide\/clovek.pl?id=63720\">Ing. Luk\u00e1\u0161 Kolari\u010d, PhD.<\/a><br \/>food and cosmetic chemistry and technology<\/p><p><a href=\"http:\/\/is.stuba.sk\/lide\/clovek.pl?id=1717\">Ing. Martina Kuperov\u00e1, PhD.<\/a><br \/>economics and management<\/p><p><a href=\"http:\/\/is.stuba.sk\/lide\/clovek.pl?id=10252\">Ing. Jaroslava Maroszov\u00e1, PhD.<\/a><br \/>inorganic chemistry<\/p><p><a href=\"http:\/\/is.stuba.sk\/lide\/clovek.pl?id=25438\">Ing. Silvia Mo\u0161ovsk\u00e1, PhD.<\/a><br \/>nutrition and food quality assessments<\/p><p><a href=\"http:\/\/is.stuba.sk\/lide\/clovek.pl?id=3976\">doc. Ing. Petra Olejn\u00edkov\u00e1, PhD.<\/a><br \/>biochemistry and microbiology<\/p><p><a href=\"http:\/\/is.stuba.sk\/lide\/clovek.pl?id=25147\">Ing. M\u00e1ria Petkov\u00e1, PhD.<br \/><\/a>natural and synthetic polymers<\/p><p><a href=\"http:\/\/is.stuba.sk\/lide\/clovek.pl?id=26421\">doc. Ing. Roderik Plavec, PhD.<\/a><br \/>natural and synthetic polymers<\/p><p><a href=\"http:\/\/is.stuba.sk\/lide\/clovek.pl?id=86855\">Ing. Veronika Rup\u010d\u00edkov\u00e1<\/a><br \/>chemical and biochemical engineering<\/p><p><a href=\"http:\/\/is.stuba.sk\/lide\/clovek.pl?id=76382\">Ing. Zuzana Siln\u00e1<\/a><br \/>organic technology, catalysis, and alternative fuels<\/p><p><a href=\"http:\/\/is.stuba.sk\/lide\/clovek.pl?id=105452\">Ing. Vikt\u00f3ria Szebellaiov\u00e1<\/a><br \/>inorganic technologies<\/p><p><a href=\"http:\/\/is.stuba.sk\/lide\/clovek.pl?id=3952\">doc. Ing. Peter Szolcs\u00e1nyi, PhD.<\/a><br \/>organic chemistry<\/p><p><a href=\"http:\/\/is.stuba.sk\/lide\/clovek.pl?id=81856\">Ing. Ren\u00e1ta \u0160tevu\u013eov\u00e1<\/a><br \/>inorganic technologies<\/p><p><a href=\"http:\/\/is.stuba.sk\/lide\/clovek.pl?id= 104312\">Ing. L\u00edvia \u0160vorcov\u00e1<\/a><br \/>environmental engineering<\/p><p><a href=\"http:\/\/is.stuba.sk\/lide\/clovek.pl?id=76256\">Ing. Peter Va\u0161t\u00edk, PhD.<\/a><br \/>biotechnology<\/p>\t\t\t\t\t\t\t\t<\/div>\n\t\t\t\t<\/div>\n\t\t\t\t\t<\/div>\n\t\t\t\t<\/div>\n\t\t\t\t<\/div>","protected":false},"excerpt":{"rendered":"<p>Otvorenie registr\u00e1cie 15. september 2025 Uzatvorenie registr\u00e1cie 31. oktober 2025 Konanie konferencie 26. november 2025 https:\/\/youtu.be\/BTdFbpvuFOs V stredu 26. novembra 2025 sa na Fakulte chemickej a potravin\u00e1rskej technol\u00f3gie STU v Bratislave uskuto\u010dnila 27. celoslovensk\u00e1 \u0161tudentsk\u00e1 vedeck\u00e1 konferencia s medzin\u00e1rodnou \u00fa\u010das\u0165ou pod n\u00e1zvom &#8222;Ch\u00e9mia a technol\u00f3gie pre \u017eivot&#8220;. \u0160tudentsk\u00e1 vedeck\u00e1 konferencia [&hellip;]<\/p>\n","protected":false},"author":1,"featured_media":0,"parent":0,"menu_order":0,"comment_status":"closed","ping_status":"closed","template":"","meta":{"footnotes":""},"class_list":["post-13","page","type-page","status-publish","hentry"],"_links":{"self":[{"href":"https:\/\/ukazsvojuchemiu.sk\/en\/wp-json\/wp\/v2\/pages\/13","targetHints":{"allow":["GET"]}}],"collection":[{"href":"https:\/\/ukazsvojuchemiu.sk\/en\/wp-json\/wp\/v2\/pages"}],"about":[{"href":"https:\/\/ukazsvojuchemiu.sk\/en\/wp-json\/wp\/v2\/types\/page"}],"author":[{"embeddable":true,"href":"https:\/\/ukazsvojuchemiu.sk\/en\/wp-json\/wp\/v2\/users\/1"}],"replies":[{"embeddable":true,"href":"https:\/\/ukazsvojuchemiu.sk\/en\/wp-json\/wp\/v2\/comments?post=13"}],"version-history":[{"count":7,"href":"https:\/\/ukazsvojuchemiu.sk\/en\/wp-json\/wp\/v2\/pages\/13\/revisions"}],"predecessor-version":[{"id":1079,"href":"https:\/\/ukazsvojuchemiu.sk\/en\/wp-json\/wp\/v2\/pages\/13\/revisions\/1079"}],"wp:attachment":[{"href":"https:\/\/ukazsvojuchemiu.sk\/en\/wp-json\/wp\/v2\/media?parent=13"}],"curies":[{"name":"wp","href":"https:\/\/api.w.org\/{rel}","templated":true}]}}